{"id":1696,"date":"2021-08-31T17:09:17","date_gmt":"2021-08-31T15:09:17","guid":{"rendered":"https:\/\/www.artistiperfrescobaldi.it\/privacy\/"},"modified":"2023-04-18T14:41:11","modified_gmt":"2023-04-18T12:41:11","slug":"privacy","status":"publish","type":"page","link":"https:\/\/www.artistiperfrescobaldi.it\/de\/privacy\/","title":{"rendered":"Privacy"},"content":{"rendered":"<h2>Informationen \u00fcber die Verarbeitung personenbezogener Daten gem\u00e4\u00df der Verordnung (EU) 2016\/679<\/h2>\n<p>In \u00dcbereinstimmung mit Artikel 13 der Verordnung (EU) 2016\/679 stellen wir Ihnen die notwendigen Informationen \u00fcber die Verarbeitung Ihrer personenbezogenen Daten zur Verf\u00fcgung.<br \/>\nUnter personenbezogenen Daten verstehen wir alle Informationen, die sich auf Ihre Person beziehen und die wir sammeln k\u00f6nnen, wenn Sie auf der Website surfen oder die Sie uns spontan \u00fcbermitteln, indem Sie einen der Dienste auf der Website in Anspruch nehmen.<br \/>\nWir informieren Sie \u00fcber die Zwecke, f\u00fcr die die Daten erhoben und verarbeitet werden, \u00fcber die Rechtsgrundlagen, auf die sich die Rechtm\u00e4\u00dfigkeit der Verarbeitung st\u00fctzt, \u00fcber die Verwaltungsmethoden, die wir zur Durchf\u00fchrung der Verarbeitung anwenden, \u00fcber die m\u00f6glichen Mitteilungen, denen Ihre Daten unterworfen werden k\u00f6nnen, \u00fcber die voraussichtliche Speicherdauer, \u00fcber die M\u00f6glichkeit der \u00dcbermittlung der Daten in Drittl\u00e4nder und \u00fcber das Vorhandensein von Profiling-Verfahren, die Ihre personenbezogenen Daten betreffen k\u00f6nnen.<\/p>\n<h2>1. Zweck und Rechtm\u00e4\u00dfigkeit der Verarbeitung<\/h2>\n<p>Die Verarbeitung der Daten erfolgt je nach den Diensten, f\u00fcr die Sie uns Ihre personenbezogenen Daten zur Verf\u00fcgung gestellt haben, zu folgenden Zwecken:<br \/>\n\u27a2 Zwecke der Verarbeitung \u00fcber unsere Websites:<br \/>\n1. um Ihnen den Zugang zu und die Nutzung von gesch\u00fctzten Bereichen unserer Website zu erm\u00f6glichen, die aus Portalen bestehen, die bestimmten Benutzerkategorien wie Vertretern oder Kunden gewidmet sind; die Verarbeitung ist durch die Notwendigkeit legitimiert, einen mit Ihnen geschlossenen Vertrag oder eine mit Ihnen geschlossene Vereinbarung zu erf\u00fcllen.<br \/>\n2. um Ihre Anfragen f\u00fcr Buchungen von Besichtigungen und Aufenthalten in unseren Landg\u00fctern oder Reservierungen in unseren Restaurants zu erfassen und zu bearbeiten; die Bearbeitung ist durch die Notwendigkeit legitimiert, vorvertragliche Anfragen von Ihnen zu erf\u00fcllen.<br \/>\n3. um die Reservierung von Gutscheinen auf Ihren Namen f\u00fcr Besuche und Aufenthalte in unseren Landg\u00fctern oder Reservierungen in Restaurants zu verwalten, die Sie als Geschenk von einer dritten Person erhalten, die uns Ihre personenbezogenen Daten zur Verf\u00fcgung gestellt hat; die Verarbeitung ist durch die Notwendigkeit legitimiert, einen Vertrag oder eine Vereinbarung zu erf\u00fcllen.<br \/>\n4. um Informationsanfragen von Ihnen zu beantworten; die Verarbeitung ist durch die Notwendigkeit legitimiert, vorvertragliche Anfragen von Ihnen zu erf\u00fcllen.<br \/>\n5. um die Personen- und Kontaktdaten zu speichern und auszuwerten, die Sie uns \u00fcbermitteln, wenn Sie sich bei uns auf eine Stelle bewerben wollen; die Verarbeitung ist durch die Notwendigkeit legitimiert, vorvertragliche Anfragen von Ihnen zu erf\u00fcllen.<br \/>\n6. um Ihre Anmeldung zum Newsletter zu verwalten und zu aktivieren; die Verarbeitung ist durch die Notwendigkeit legitimiert, einen Vertrag oder eine Vereinbarung zu erf\u00fcllen. <\/p>\n<p>\u27a2 Zwecke im Zusammenhang mit dem kostenlosen WLAN-Service in unseren Einrichtungen:<br \/>\n7. um Ihre Zugangsberechtigungen zum WLAN-Dienst Volare zu aktivieren, bereitzustellen und zu verwalten, wenn Sie diesen bei Ihren Besuchen in unseren Einrichtungen anfordern; die Verarbeitung ist durch die Notwendigkeit legitimiert, einen mit Ihnen geschlossenen Vertrag oder eine mit Ihnen geschlossene Vereinbarung zu erf\u00fcllen. <\/p>\n<p>\u27a2 Zwecke im Zusammenhang mit Anwendungen zum Scannen von Visitenkarten:<br \/>\n8. um in unserer Datenbank f\u00fcr externe Kommunikation Ihre Personen- und Kontaktdaten zu registrieren, die Sie uns \u00fcber Ihre Visitenkarte, die Sie uns nach einem Treffen \u00fcberreichen, mitteilen m\u00f6chten; die Verarbeitung ist durch die Notwendigkeit legitimiert, vorvertragliche Anfragen von Ihnen zu erf\u00fcllen.<\/p>\n<p>\u27a2 Zwecke im Zusammenhang mit der Registrierung von Besuchern bei Veranstaltungen oder Ausstellungen:<br \/>\n9. um Ihre Personen- und Kontaktdaten zu registrieren, wenn Sie an von uns organisierten Veranstaltungen teilnehmen; die Verarbeitung ist durch unser berechtigtes Interesse in Verbindung mit organisatorischen Erfordernissen legitimiert.<\/p>\n<p>\u27a2 Marketingzwecke:<br \/>\n10. um Ihnen \u00fcber verschiedene Telekommunikationsmittel Informationen kommerzieller und werblicher Art zukommen zu lassen; die Verarbeitung ist durch die im Voraus erteilte und freiwillige Einwilligung des Empf\u00e4ngers der Mitteilungen legitimiert.<br \/>\n11. um Sie f\u00fcr unseren Newsletter anzumelden (wenn ein kommerzieller Inhalt vorgesehen ist); die Verarbeitung ist durch die im Voraus erteilte und freiwillige Einwilligung des Empf\u00e4ngers der Mitteilungen legitimiert.<br \/>\n12. um Marktforschung zu betreiben; die Verarbeitung ist durch die im Voraus erteilte und freiwillige Einwilligung des Empf\u00e4ngers der Mitteilungen legitimiert.<\/p>\n<p>\u27a2 Profilingzwecke:<br \/>\n13. um Ihre Gewohnheiten, Ihr Verhalten und Ihre Konsumgewohnheiten zu analysieren, um ein Profil des Kunden oder Besuchers unserer Websites zu erstellen, damit Werbebotschaften, Angebote oder andere kommerzielle Mitteilungen, die den Interessen des Empf\u00e4ngers entsprechen, versandt werden k\u00f6nnen; die Verarbeitung ist durch die im Voraus erteilte und freiwillige Einwilligung des Empf\u00e4ngers der Mitteilungen legitimiert.<\/p>\n<h2>2. Freiwillige oder obligatorische Bereitstellung<\/h2>\n<p>Wenn Ihre personenbezogenen Daten erhoben werden, um Ihrer ausdr\u00fccklichen Anfrage nachzukommen oder um einen unserer Dienste bereitzustellen, den Sie nutzen m\u00f6chten oder der Ihnen durch einen unserer Gutscheine zur Verf\u00fcgung gestellt wird, d.h. f\u00fcr alle aufgef\u00fchrten Zwecke, die durch die Notwendigkeit der Erf\u00fcllung eines mit Ihnen geschlossenen Vertrags oder einer mit Ihnen geschlossenen Vereinbarung, durch die Notwendigkeit der Ausf\u00fchrung vorvertraglicher Anfragen von Ihnen und durch unser berechtigtes Interesse in Verbindung mit organisatorischen Erfordernissen legitimiert sind, ist die Bereitstellung von Daten erforderlich. Ohne die Erfassung Ihrer Daten k\u00f6nnen wir die beabsichtigten Zwecke nicht erf\u00fcllen und Ihren W\u00fcnschen nicht nachkommen.<br \/>\nBei Verarbeitungen, die durch die Einholung Ihrer freien Einwilligung legitimiert sind, haben Sie die M\u00f6glichkeit, diese nicht zu erteilen oder Ihre diesbez\u00fcgliche Meinung zu einem sp\u00e4teren Zeitpunkt zu \u00e4ndern, nachdem die Daten f\u00fcr andere Zwecke, die dies erfordern, freigegeben wurden.<br \/>\nDie Einwilligung in die Verarbeitung f\u00fcr Profilingzwecke setzt die Einwilligung in Marketingzwecke voraus, da diese T\u00e4tigkeit erst nach der Erstellung eines Interessenprofils des Empf\u00e4ngers durchgef\u00fchrt wird. Wenn es nicht m\u00f6glich ist, ein vorl\u00e4ufiges Profiling durchzuf\u00fchren, werden Ihnen gegen\u00fcber keine Direktmarketingaktivit\u00e4ten durchgef\u00fchrt.<br \/>\nIhre Verweigerung der Einwilligung in die Verarbeitung zu Marketing- und Profilingzwecken hat keine Auswirkungen auf die M\u00f6glichkeit, die anderen angebotenen Diensten zu nutzen.<br \/>\nDie von Ihnen erteilten Einwilligungen k\u00f6nnen jederzeit frei widerrufen werden, indem Sie an die folgende E-Mail-Adresse schreiben: privacy@frescobaldi.it.<\/p>\n<h2>3. Modalit\u00e4ten der Verarbeitung<\/h2>\n<p>ie Verarbeitung Ihrer Daten erfolgt nach den Grunds\u00e4tzen der Korrektheit, Rechtm\u00e4\u00dfigkeit und Transparenz und wird mit Hilfe von EDV-Instrumenten, aber auch mit Hilfe von Papierarchiven zur Archivierung, Verwaltung und \u00dcbermittlung durchgef\u00fchrt. Die Verarbeitung erfolgt mit Hilfe von Instrumenten, die nach dem Stand der Technik im Rahmen des M\u00f6glichen geeignet sind, die Sicherheit und Vertraulichkeit durch geeignete Verfahren zu gew\u00e4hrleisten, die das Risiko des Verlusts, des unbefugten Zugriffs, der unrechtm\u00e4\u00dfigen Verwendung und der Verbreitung vermeiden.<br \/>\nDie Verarbeitung Ihrer Daten erfolgt ausschlie\u00dflich<\/p>\n<ul>\n<li>durch unser offiziell autorisiertes und geschultes Personal \u00fcber die operativen Methoden, die f\u00fcr die sichere Abwicklung der Verarbeitung anzuwenden sind; <\/li>\n<li>durch externe Einrichtungen, die f\u00fcr die Ausf\u00fchrung eines Teils der T\u00e4tigkeiten im Zusammenhang mit den oben genannten Zwecken erforderlich sind und die durch einen Rechtsakt offiziell als Auftragsverarbeiter bestellt wurden.\n<\/li>\n<\/ul>\n<h2>4. Umfang und Zweck der Kommunikation und Verbreitung<\/h2>\n<p>Neben den internen Mitarbeitern und externen Einrichtungen, die offiziell zur Verarbeitung Ihrer Daten befugt sind, k\u00f6nnen Ihre Daten ausschlie\u00dflich zur Erf\u00fcllung gesetzlicher Verpflichtungen oder zur Befolgung von Anordnungen der dazu befugten Beh\u00f6rden oder zur Geltendmachung oder Verteidigung eines Rechts vor Gericht an Dritte weitergegeben werden.<br \/>\nIhre personenbezogenen Daten k\u00f6nnen zu den oben genannten Zwecken zur Verf\u00fcgung gestellt werden an<\/p>\n<ul>\n<li>Personal des Verantwortlichen;<\/li>\n<li>Assoziierte Unternehmen und Tochtergesellschaften der Gruppe Marchesi Frescobaldi.<\/li>\n<\/ul>\n<h2>5. \u00dcbermittlung von personenbezogenen Daten au\u00dferhalb der Europ\u00e4ischen Union<\/h2>\n<p>Die von Ihnen zur Verf\u00fcgung gestellten und zu den oben beschriebenen Zwecken verarbeiteten personenbezogenen Daten werden unter keinen Umst\u00e4nden in L\u00e4nder au\u00dferhalb der Europ\u00e4ischen Union \u00fcbermittelt. Sollte in Zukunft eine \u00dcbermittlung erforderlich sein, so wird dies nur in L\u00e4nder m\u00f6glich sein, die von der Europ\u00e4ischen Kommission als geeignet erachtet werden, oder durch den Abschluss von Datenschutzklauseln mit den Empf\u00e4ngern, oder, im Falle einer nicht kontinuierlichen \u00dcbermittlung, nach Ihrer informierten und ausdr\u00fccklichen Einwilligung.<\/p>\n<h2>6. Speicherfrist<\/h2>\n<p>Bei der Verarbeitung im Zusammenhang mit der Aktivierung\/Erbringung\/Bereitstellung der von Ihnen angeforderten Dienste werden Ihre personenbezogenen Daten so lange aufbewahrt, wie die Dienste aktiv bleiben oder wie es f\u00fcr die Erbringung des angeforderten Dienstes erforderlich ist, es sei denn, eine weitere Aufbewahrung ist f\u00fcr buchhalterische, administrative, steuerliche und\/oder rechtliche Zwecke erforderlich. <\/p>\n<h2>7. Einrichtungen<\/h2>\n<p>Der Verantwortliche ist:<br \/>\nMarchesi Frescobaldi soc. agricola s.r.l. unipersonale, C.F. und P.IVA 01770300489 Sitz in Via S. Spirito 11 50125 Firenze, Verwaltungssitz in Via Aretina 120, 50065 Sieci (FI).<br \/>\nDer Auftragsverarbeiter ist Dr. Giuseppe Saracino.<br \/>\nDie vollst\u00e4ndige Liste der ernannten Auftragsverarbeiter ist beim Verantwortlichen unter den oben genannten Referenzen erh\u00e4ltlich.<\/p>\n<h2>8. Aus\u00fcbung der Rechte<\/h2>\n<p>Wir weisen Sie auf die M\u00f6glichkeit hin, in den in den einschl\u00e4gigen Rechtsvorschriften vorgesehenen F\u00e4llen vom  Verantwortlichen Zugang zu den Sie betreffenden Daten, deren Berichtigung oder L\u00f6schung, die Vervollst\u00e4ndigung unvollst\u00e4ndiger Daten und die Einschr\u00e4nkung der Verarbeitung zu verlangen, die Daten in einem strukturierten, allgemein gebr\u00e4uchlichen und maschinenlesbaren Format zu erhalten, eine eventuell erteilte Einwilligung in die Verarbeitung Ihrer sensiblen Daten jederzeit zu widerrufen und sich der Verwendung der Daten ganz oder teilweise zu widersetzen.<br \/>\nDiese Rechte k\u00f6nnen schriftlich in Papierform direkt beim Verantwortlichen oder per E-Mail an die folgende Adresse ausge\u00fcbt werden privacy@frescobaldi.it.<br \/>\nDie Aus\u00fcbung der Rechte unterliegt keinen formalen Beschr\u00e4nkungen und ist kostenlos.<br \/>\nWenn Sie der Meinung sind, dass eine von uns durchgef\u00fchrte Verarbeitung Sie betreffender personenbezogener Daten gegen die Bestimmungen der Europ\u00e4ischen Datenschutzverordnung oder andere geltende Rechtsvorschriften verst\u00f6\u00dft, haben Sie das Recht, eine Beschwerde bei der italienischen Datenschutzbeh\u00f6rde (Garante per la protezione dei dati personali) einzureichen. Bitte beachten Sie dazu die auf der offiziellen Website der Beh\u00f6rde unter http:\/\/www.garanteprivacy.it ver\u00f6ffentlichten Verfahren und Anweisungen.<\/p>\n","protected":false},"excerpt":{"rendered":"<p>Informationen \u00fcber die Verarbeitung personenbezogener Daten gem\u00e4\u00df der Verordnung (EU) 2016\/679 In \u00dcbereinstimmung mit Artikel 13 der Verordnung (EU) 2016\/679 stellen wir Ihnen die notwendigen Informationen \u00fcber die Verarbeitung Ihrer personenbezogenen Daten zur Verf\u00fcgung. Unter personenbezogenen Daten verstehen wir alle Informationen, die sich auf Ihre Person beziehen und die wir sammeln k\u00f6nnen, wenn Sie auf [&hellip;]<\/p>\n","protected":false},"author":1,"featured_media":0,"parent":0,"menu_order":0,"comment_status":"closed","ping_status":"closed","template":"","meta":{"footnotes":""},"class_list":["post-1696","page","type-page","status-publish","hentry"],"_links":{"self":[{"href":"https:\/\/www.artistiperfrescobaldi.it\/de\/wp-json\/wp\/v2\/pages\/1696","targetHints":{"allow":["GET"]}}],"collection":[{"href":"https:\/\/www.artistiperfrescobaldi.it\/de\/wp-json\/wp\/v2\/pages"}],"about":[{"href":"https:\/\/www.artistiperfrescobaldi.it\/de\/wp-json\/wp\/v2\/types\/page"}],"author":[{"embeddable":true,"href":"https:\/\/www.artistiperfrescobaldi.it\/de\/wp-json\/wp\/v2\/users\/1"}],"replies":[{"embeddable":true,"href":"https:\/\/www.artistiperfrescobaldi.it\/de\/wp-json\/wp\/v2\/comments?post=1696"}],"version-history":[{"count":3,"href":"https:\/\/www.artistiperfrescobaldi.it\/de\/wp-json\/wp\/v2\/pages\/1696\/revisions"}],"predecessor-version":[{"id":2707,"href":"https:\/\/www.artistiperfrescobaldi.it\/de\/wp-json\/wp\/v2\/pages\/1696\/revisions\/2707"}],"wp:attachment":[{"href":"https:\/\/www.artistiperfrescobaldi.it\/de\/wp-json\/wp\/v2\/media?parent=1696"}],"curies":[{"name":"wp","href":"https:\/\/api.w.org\/{rel}","templated":true}]}}